{"id":16456,"date":"2023-03-08T07:18:05","date_gmt":"2023-03-08T06:18:05","guid":{"rendered":"https:\/\/bero.pl\/?page_id=16456"},"modified":"2024-10-21T11:14:54","modified_gmt":"2024-10-21T09:14:54","slug":"kawa-specialty","status":"publish","type":"page","link":"https:\/\/bero.pl\/pl\/kawa-specialty\/","title":{"rendered":"Kawa specialty"},"content":{"rendered":"<h1>Kawa specialty<\/h1>\n<p>Jako\u015b\u0107 ziaren ma bezpo\u015bredni wp\u0142yw na smak gotowego napoju. Dostarczamy naszym klientom produkty najwy\u017cszej mo\u017cliwej jako\u015bci, czyli <strong>kaw\u0119 specialty<\/strong>. Takie ziarna s\u0105 selekcjonowane niezwykle starannie, na ca\u0142ym \u0142a\u0144cuchu dostawy. Dbamy o to, by do naszych klient\u00f3w dociera\u0142y jako\u015bciowe ziarna, kt\u00f3re <strong>pozyskano z certyfikowanych plantacji<\/strong>, a nast\u0119pnie przewieziono z zachowaniem niezb\u0119dnych zasad bezpiecze\u0144stwa. <strong>Kawy ziarniste specialty<\/strong> cz\u0119sto okre\u015bla si\u0119 r\u00f3wnie\u017c mianem <strong>single origin lub single estate<\/strong>. Oznacza to, \u017ce ziarna pochodz\u0105 z konkretnego, niewielkiego obszaru \u2013 najcz\u0119\u015bciej w Ameryce Po\u0142udniowej lub Afryce. Zdarzaj\u0105 si\u0119 tak\u017ce produkty pozyskiwane wy\u0142\u0105cznie z jednej plantacji. Najcz\u0119\u015bciej s\u0105 to rozleg\u0142e farmy, mierz\u0105ce po co najmniej kilkadziesi\u0105t hektar\u00f3w. Zazwyczaj plantacje tego typu s\u0105 nastawione na produkcj\u0119 wy\u0142\u0105cznie kaw wysokojako\u015bciowych. Zapraszamy na sk\u0142adanie zam\u00f3wie\u0144 na <a href=\"https:\/\/bero.pl\/pl\/kawa-zielona\/kawa-zielona-robusta\/\">kawy zielone Robusta<\/a> i Arabica.<\/p>\n<h2>Kawa ziarnista specialty najwy\u017cszej jako\u015bci<\/h2>\n<p>Dostarczamy naszym klientom <strong>kaw\u0119 <\/strong><strong>ziarnist\u0105 <\/strong><strong>specialty z r\u00f3\u017cnych zak\u0105tk\u00f3w \u015bwiata<\/strong>. Dobieramy jej gatunek do potrzeb danej osoby. Oferujemy <u><a href=\"https:\/\/bero.pl\/pl\/kawa-zielona\/\" target=\"_top\" rel=\"noopener\">zielon\u0105 kaw\u0119<\/a><\/u> do samodzielnego palenia, pe\u0142n\u0105 niesamowitych nut smakowych i zapachowych. Ziarna typu specialty wzrastaj\u0105 w optymalnych warunkach klimatycznych i s\u0105 traktowane z nale\u017cyt\u0105 staranno\u015bci\u0105 na ka\u017cdym etapie produkcji.<\/p>\n<p>Nasze <strong>ziarna<\/strong> <strong>kawy speciality<\/strong> uzyskuj\u0105 odpowiedni\u0105 punktacj\u0119 nadawan\u0105 przez nasz\u0105 Q-graderk\u0119 Arabica i Q-graderk\u0119 Robusta wg skali Specialty Coffee Association. Bierze si\u0119 pod uwag\u0119 kilka najwa\u017cniejszych parametr\u00f3w ziaren i na tej podstawie decyduje, czy mog\u0105 by\u0107 one okre\u015blane mianem kaw wysokojako\u015bciowych i jak\u0105 punktacj\u0119 otrzymuj\u0105.<\/p>\n<p><strong>Ocena ziaren kawy specialty<\/strong> uwzgl\u0119dnia szereg kluczowych parametr\u00f3w, kt\u00f3re maj\u0105 wp\u0142yw na ko\u0144cowy smak i aromat napoju. Specjali\u015bci u\u017cywaj\u0105 metodyki, kt\u00f3ra obejmuje analiz\u0119 takich cech jak:<\/p>\n<ul>\n<li>smak i aromat \u2013 ziarna s\u0105 oceniane pod k\u0105tem ich z\u0142o\u017cono\u015bci smakowej oraz bogactwa aromatycznego, kt\u00f3re mog\u0105 obejmowa\u0107 nuty owocowe, kwiatowe, czekoladowe czy przyprawowe;<\/li>\n<li>kwasowo\u015b\u0107 \u2013 kwasowo\u015b\u0107 kawy jest oceniana na podstawie jej jasno\u015bci i \u015bwie\u017co\u015bci, kt\u00f3re wp\u0142ywaj\u0105 na r\u00f3wnowag\u0119 smakow\u0105;<\/li>\n<li>body (pe\u0142nia) \u2013 body w kawie odnosi si\u0119 do jej wra\u017ce\u0144 dotykowych w ustach, takich jak g\u0119sto\u015b\u0107, lepko\u015b\u0107, tekstura i ci\u0119\u017cko\u015b\u0107 napoju;<\/li>\n<li>s\u0142odycz \u2013 oceniana jest naturalna s\u0142odycz ziaren, kt\u00f3ra r\u00f3wnowa\u017cy inne smaki i wp\u0142ywa na og\u00f3ln\u0105 harmonijno\u015b\u0107 napoju;<\/li>\n<li>defekty \u2013 analizowane s\u0105 r\u00f3wnie\u017c wszelkie wady ziaren, takie jak obecno\u015b\u0107 obcych zapach\u00f3w, przebarwie\u0144 czy nieprawid\u0142owo\u015bci w strukturze.<\/li>\n<\/ul>\n<p>Na podstawie powy\u017cszej analizy ziarna kawy s\u0105 klasyfikowane jako kawa specialty tylko wtedy, gdy osi\u0105gn\u0105 minimalny pr\u00f3g punktowy okre\u015blony przez SCA. Zapraszamy do zapoznania si\u0119 z szerok\u0105 ofert\u0105 produkt\u00f3w specialty z ca\u0142ego \u015bwiata. Oferujemy kompleksowe us\u0142ugi, dostarczaj\u0105c ziarna prosto do Twojej palarni.<\/p>\n<h2>Co to jest kawa ziarnista specialty?<\/h2>\n<p><strong>Kawa speciality to ziarna<\/strong> najwy\u017cszej jako\u015bci, pochodz\u0105ce z okre\u015blonych, niewielkich teren\u00f3w \u2013 cz\u0119sto z jednego gospodarstwa lub regionu. Takie ziarna s\u0105 starannie selekcjonowane i piel\u0119gnowane w doskona\u0142ych warunkach klimatycznych, co zapewnia ich wyj\u0105tkowy smak i aromat. Oferujemy kaw\u0119 wysokiej klasy, w tym <a href=\"https:\/\/bero.pl\/pl\/kawa-gourmet\/\">kaw\u0119 gourmet<\/a>, kt\u00f3ra jest oceniana przez specjalist\u00f3w zgodnie z wspomnian\u0105 wcze\u015bniej mi\u0119dzynarodow\u0105 skal\u0105 Stowarzyszenia Kawy Specjalnej (SCA).<\/p>\n<p>W przypadku kawy specialty, kluczowym elementem jest dba\u0142o\u015b\u0107 o ka\u017cdy aspekt produkcji. Ziarna s\u0105 piel\u0119gnowane w doskona\u0142ych warunkach klimatycznych i glebowych, co ma ogromny wp\u0142yw na ich ko\u0144cowy smak i aromat. <strong>Plantacje kawy specialty<\/strong> stosuj\u0105 zr\u00f3wnowa\u017cone praktyki uprawy, a rolnicy cz\u0119sto korzystaj\u0105 z zaawansowanych technik, kt\u00f3re pozwalaj\u0105 na wydobycie pe\u0142ni potencja\u0142u smakowego ziaren.<\/p>\n<h2>Dlaczego warto wybra\u0107 kaw\u0119 specialty?<\/h2>\n<p><strong>Wyb\u00f3r kawy specialty to gwarancja wyj\u0105tkowego smaku i<\/strong> <strong>aromatu<\/strong>, dzi\u0119ki starannej selekcji ziaren. Decyduj\u0105c si\u0119 na kaw\u0119 specialty, wspierasz rolnik\u00f3w i plantator\u00f3w, kt\u00f3rzy przestrzegaj\u0105 najwy\u017cszych standard\u00f3w produkcji. Bero Polska aktywnie <strong>wspiera program NKG Bloom<\/strong>, kt\u00f3ry ma na celu nie tylko popraw\u0119 jako\u015bci kawy, ale r\u00f3wnie\u017c podniesienie standardu \u017cycia rolnik\u00f3w. Program ten anga\u017cuje si\u0119 w rozwijanie zr\u00f3wnowa\u017conych praktyk uprawy, kt\u00f3re przyczyniaj\u0105 si\u0119 do ochrony \u015brodowiska i zapewniaj\u0105 stabilne \u017ar\u00f3d\u0142o dochod\u00f3w dla plantator\u00f3w. Dzi\u0119ki NKG Bloom, rolnicy maj\u0105 dost\u0119p do lepszych technologii upraw, szkole\u0144 oraz wsparcia w zakresie zarz\u0105dzania farmami, co z kolei <strong>przek\u0142ada si\u0119 na wy\u017csz\u0105 jako\u015b\u0107 ziaren<\/strong> i wi\u0119ksze korzy\u015bci dla ca\u0142ych spo\u0142eczno\u015bci zajmuj\u0105cych si\u0119 upraw\u0105 kawy.<\/p>\n<p><a class=\"fusion-button button-flat fusion-button-default-size button-custom fusion-button-default button-1 fusion-button-default-span fusion-button-default-type\" style=\"--button_accent_color: var(--awb-custom_color_1); --button_border_color: var(--awb-color1); --button_accent_hover_color: var(--awb-color1); --button_border_hover_color: var(--awb-color1); --button_gradient_top_color: var(--awb-color1); --button_gradient_bottom_color: var(--awb-color1); --button_gradient_top_color_hover: rgba(255,255,255,0); --button_gradient_bottom_color_hover: rgba(255,255,255,0);\" href=\"mailto:bero.polska@nkg.coffee\" target=\"_blank\" rel=\"noopener noreferrer\"><span class=\"fusion-button-text\">Napisz<\/span><\/a> <a class=\"fusion-button button-flat fusion-button-default-size button-custom fusion-button-default button-1 fusion-button-default-span fusion-button-default-type\" style=\"--button_accent_color: var(--awb-custom_color_1); --button_border_color: var(--awb-color1); --button_accent_hover_color: var(--awb-color1); --button_border_hover_color: var(--awb-color1); --button_gradient_top_color: var(--awb-color1); --button_gradient_bottom_color: var(--awb-color1); --button_gradient_top_color_hover: rgba(255,255,255,0); --button_gradient_bottom_color_hover: rgba(255,255,255,0);\" href=\"tel:+48586273161\" target=\"_blank\" rel=\"noopener noreferrer\"><span class=\"fusion-button-text\">Zadzwo\u0144<\/span><\/a><\/p>\n","protected":false},"excerpt":{"rendered":"<p>Kawa specialty Jako\u015b\u0107 ziaren ma bezpo\u015bredni wp\u0142yw na smak gotowego napoju. Dostarczamy naszym klientom produkty najwy\u017cszej mo\u017cliwej jako\u015bci, czyli kaw\u0119 specialty. Takie ziarna s\u0105 selekcjonowane niezwykle starannie, na ca\u0142ym \u0142a\u0144cuchu dostawy. Dbamy o to, by do naszych klient\u00f3w dociera\u0142y jako\u015bciowe ziarna, kt\u00f3re pozyskano z certyfikowanych plantacji, a nast\u0119pnie przewieziono z zachowaniem niezb\u0119dnych zasad bezpiecze\u0144stwa. Kawy ziarniste specialty cz\u0119sto okre\u015bla si\u0119 r\u00f3wnie\u017c mianem single origin lub single estate. Oznacza to, \u017ce ziarna pochodz\u0105 z konkretnego, niewielkiego obszaru \u2013 najcz\u0119\u015bciej w Ameryce Po\u0142udniowej lub Afryce. Zdarzaj\u0105 si\u0119 tak\u017ce produkty pozyskiwane wy\u0142\u0105cznie z jednej plantacji. Najcz\u0119\u015bciej s\u0105 to rozleg\u0142e farmy, mierz\u0105ce po co [&hellip;]<\/p>\n","protected":false},"author":7,"featured_media":0,"parent":0,"menu_order":0,"comment_status":"closed","ping_status":"closed","template":"","meta":{"footnotes":""},"rankMath":{"parentDomain":"bero.pl","noFollowDomains":[],"noFollowExcludeDomains":[],"noFollowExternalLinks":false,"featuredImageNotice":"Prezentowany obraz powinien mie\u0107 co najmniej 200 na 200 pikseli, aby m\u00f3g\u0142 go pobra\u0107 Facebook i inne serwisy spo\u0142eczno\u015bciowe.","pluginReviewed":false,"postSettings":{"linkSuggestions":true,"useFocusKeyword":false},"frontEndScore":false,"postName":"kawa-specialty","permalinkFormat":"https:\/\/bero.pl\/pl\/%pagename%\/","showLockModifiedDate":true,"assessor":{"focusKeywordLink":"https:\/\/bero.pl\/wp-admin\/edit.php?focus_keyword=%focus_keyword%&post_type=%post_type%","hasTOCPlugin":false,"primaryTaxonomy":false,"serpData":{"title":"Kawa specialty \u2013 najlepsza kawa ziarnista specialty na rynku","description":"Szukasz najlepszej kawy specialty na rynku? Zapraszamy do nas, przygotujemy spersonalizowan\u0105 ofert\u0119 na ziarnist\u0105 kaw\u0119 specialty. Oferujemy konkurencyjne ceny.","focusKeywords":"","pillarContent":false,"canonicalUrl":"","breadcrumbTitle":"","advancedRobots":[],"facebookTitle":"","facebookDescription":"","facebookImage":"","facebookImageID":"","facebookHasOverlay":false,"facebookImageOverlay":"","facebookAuthor":"","twitterCardType":"","twitterUseFacebook":true,"twitterTitle":"","twitterDescription":"","twitterImage":"","twitterImageID":"","twitterHasOverlay":false,"twitterImageOverlay":"","twitterPlayerUrl":"","twitterPlayerSize":"","twitterPlayerStream":"","twitterPlayerStreamCtype":"","twitterAppDescription":"","twitterAppIphoneName":"","twitterAppIphoneID":"","twitterAppIphoneUrl":"","twitterAppIpadName":"","twitterAppIpadID":"","twitterAppIpadUrl":"","twitterAppGoogleplayName":"","twitterAppGoogleplayID":"","twitterAppGoogleplayUrl":"","twitterAppCountry":"","robots":{"index":true},"twitterAuthor":"u\u017cytkownik","primaryTerm":0,"authorName":"wenet","titleTemplate":"Importer kawy surowej - kawa w workach | R\u00f3\u017cne rodzaje | Bero","descriptionTemplate":"","showScoreFrontend":true,"lockModifiedDate":false},"powerWords":[],"diacritics":{"A":"[\\u0041\\u24B6\\uFF21\\u00C0\\u00C1\\u00C2\\u1EA6\\u1EA4\\u1EAA\\u1EA8\\u00C3\\u0100\\u0102\\u1EB0\\u1EAE\\u1EB4\\u1EB2\\u0226\\u01E0\\u00C4\\u01DE\\u1EA2\\u00C5\\u01FA\\u01CD\\u0200\\u0202\\u1EA0\\u1EAC\\u1EB6\\u1E00\\u0104\\u023A\\u2C6F]","AA":"[\\uA732]","AE":"[\\u00C6\\u01FC\\u01E2]","AO":"[\\uA734]","AU":"[\\uA736]","AV":"[\\uA738\\uA73A]","AY":"[\\uA73C]","B":"[\\u0042\\u24B7\\uFF22\\u1E02\\u1E04\\u1E06\\u0243\\u0182\\u0181]","C":"[\\u0043\\u24B8\\uFF23\\u0106\\u0108\\u010A\\u010C\\u00C7\\u1E08\\u0187\\u023B\\uA73E]","D":"[\\u0044\\u24B9\\uFF24\\u1E0A\\u010E\\u1E0C\\u1E10\\u1E12\\u1E0E\\u0110\\u018B\\u018A\\u0189\\uA779]","DZ":"[\\u01F1\\u01C4]","Dz":"[\\u01F2\\u01C5]","E":"[\\u0045\\u24BA\\uFF25\\u00C8\\u00C9\\u00CA\\u1EC0\\u1EBE\\u1EC4\\u1EC2\\u1EBC\\u0112\\u1E14\\u1E16\\u0114\\u0116\\u00CB\\u1EBA\\u011A\\u0204\\u0206\\u1EB8\\u1EC6\\u0228\\u1E1C\\u0118\\u1E18\\u1E1A\\u0190\\u018E]","F":"[\\u0046\\u24BB\\uFF26\\u1E1E\\u0191\\uA77B]","G":"[\\u0047\\u24BC\\uFF27\\u01F4\\u011C\\u1E20\\u011E\\u0120\\u01E6\\u0122\\u01E4\\u0193\\uA7A0\\uA77D\\uA77E]","H":"[\\u0048\\u24BD\\uFF28\\u0124\\u1E22\\u1E26\\u021E\\u1E24\\u1E28\\u1E2A\\u0126\\u2C67\\u2C75\\uA78D]","I":"[\\u0049\\u24BE\\uFF29\\u00CC\\u00CD\\u00CE\\u0128\\u012A\\u012C\\u0130\\u00CF\\u1E2E\\u1EC8\\u01CF\\u0208\\u020A\\u1ECA\\u012E\\u1E2C\\u0197]","J":"[\\u004A\\u24BF\\uFF2A\\u0134\\u0248]","K":"[\\u004B\\u24C0\\uFF2B\\u1E30\\u01E8\\u1E32\\u0136\\u1E34\\u0198\\u2C69\\uA740\\uA742\\uA744\\uA7A2]","L":"[\\u004C\\u24C1\\uFF2C\\u013F\\u0139\\u013D\\u1E36\\u1E38\\u013B\\u1E3C\\u1E3A\\u0141\\u023D\\u2C62\\u2C60\\uA748\\uA746\\uA780]","LJ":"[\\u01C7]","Lj":"[\\u01C8]","M":"[\\u004D\\u24C2\\uFF2D\\u1E3E\\u1E40\\u1E42\\u2C6E\\u019C]","N":"[\\u004E\\u24C3\\uFF2E\\u01F8\\u0143\\u00D1\\u1E44\\u0147\\u1E46\\u0145\\u1E4A\\u1E48\\u0220\\u019D\\uA790\\uA7A4]","NJ":"[\\u01CA]","Nj":"[\\u01CB]","O":"[\\u004F\\u24C4\\uFF2F\\u00D2\\u00D3\\u00D4\\u1ED2\\u1ED0\\u1ED6\\u1ED4\\u00D5\\u1E4C\\u022C\\u1E4E\\u014C\\u1E50\\u1E52\\u014E\\u022E\\u0230\\u00D6\\u022A\\u1ECE\\u0150\\u01D1\\u020C\\u020E\\u01A0\\u1EDC\\u1EDA\\u1EE0\\u1EDE\\u1EE2\\u1ECC\\u1ED8\\u01EA\\u01EC\\u00D8\\u01FE\\u0186\\u019F\\uA74A\\uA74C]","OI":"[\\u01A2]","OO":"[\\uA74E]","OU":"[\\u0222]","P":"[\\u0050\\u24C5\\uFF30\\u1E54\\u1E56\\u01A4\\u2C63\\uA750\\uA752\\uA754]","Q":"[\\u0051\\u24C6\\uFF31\\uA756\\uA758\\u024A]","R":"[\\u0052\\u24C7\\uFF32\\u0154\\u1E58\\u0158\\u0210\\u0212\\u1E5A\\u1E5C\\u0156\\u1E5E\\u024C\\u2C64\\uA75A\\uA7A6\\uA782]","S":"[\\u0053\\u24C8\\uFF33\\u1E9E\\u015A\\u1E64\\u015C\\u1E60\\u0160\\u1E66\\u1E62\\u1E68\\u0218\\u015E\\u2C7E\\uA7A8\\uA784]","T":"[\\u0054\\u24C9\\uFF34\\u1E6A\\u0164\\u1E6C\\u021A\\u0162\\u1E70\\u1E6E\\u0166\\u01AC\\u01AE\\u023E\\uA786]","TZ":"[\\uA728]","U":"[\\u0055\\u24CA\\uFF35\\u00D9\\u00DA\\u00DB\\u0168\\u1E78\\u016A\\u1E7A\\u016C\\u00DC\\u01DB\\u01D7\\u01D5\\u01D9\\u1EE6\\u016E\\u0170\\u01D3\\u0214\\u0216\\u01AF\\u1EEA\\u1EE8\\u1EEE\\u1EEC\\u1EF0\\u1EE4\\u1E72\\u0172\\u1E76\\u1E74\\u0244]","V":"[\\u0056\\u24CB\\uFF36\\u1E7C\\u1E7E\\u01B2\\uA75E\\u0245]","VY":"[\\uA760]","W":"[\\u0057\\u24CC\\uFF37\\u1E80\\u1E82\\u0174\\u1E86\\u1E84\\u1E88\\u2C72]","X":"[\\u0058\\u24CD\\uFF38\\u1E8A\\u1E8C]","Y":"[\\u0059\\u24CE\\uFF39\\u1EF2\\u00DD\\u0176\\u1EF8\\u0232\\u1E8E\\u0178\\u1EF6\\u1EF4\\u01B3\\u024E\\u1EFE]","Z":"[\\u005A\\u24CF\\uFF3A\\u0179\\u1E90\\u017B\\u017D\\u1E92\\u1E94\\u01B5\\u0224\\u2C7F\\u2C6B\\uA762]","a":"[\\u0061\\u24D0\\uFF41\\u1E9A\\u00E0\\u00E1\\u00E2\\u1EA7\\u1EA5\\u1EAB\\u1EA9\\u00E3\\u0101\\u0103\\u1EB1\\u1EAF\\u1EB5\\u1EB3\\u0227\\u01E1\\u00E4\\u01DF\\u1EA3\\u00E5\\u01FB\\u01CE\\u0201\\u0203\\u1EA1\\u1EAD\\u1EB7\\u1E01\\u0105\\u2C65\\u0250]","aa":"[\\uA733]","ae":"[\\u00E6\\u01FD\\u01E3]","ao":"[\\uA735]","au":"[\\uA737]","av":"[\\uA739\\uA73B]","ay":"[\\uA73D]","b":"[\\u0062\\u24D1\\uFF42\\u1E03\\u1E05\\u1E07\\u0180\\u0183\\u0253]","c":"[\\u0063\\u24D2\\uFF43\\u0107\\u0109\\u010B\\u010D\\u00E7\\u1E09\\u0188\\u023C\\uA73F\\u2184]","d":"[\\u0064\\u24D3\\uFF44\\u1E0B\\u010F\\u1E0D\\u1E11\\u1E13\\u1E0F\\u0111\\u018C\\u0256\\u0257\\uA77A]","dz":"[\\u01F3\\u01C6]","e":"[\\u0065\\u24D4\\uFF45\\u00E8\\u00E9\\u00EA\\u1EC1\\u1EBF\\u1EC5\\u1EC3\\u1EBD\\u0113\\u1E15\\u1E17\\u0115\\u0117\\u00EB\\u1EBB\\u011B\\u0205\\u0207\\u1EB9\\u1EC7\\u0229\\u1E1D\\u0119\\u1E19\\u1E1B\\u0247\\u025B\\u01DD]","f":"[\\u0066\\u24D5\\uFF46\\u1E1F\\u0192\\uA77C]","g":"[\\u0067\\u24D6\\uFF47\\u01F5\\u011D\\u1E21\\u011F\\u0121\\u01E7\\u0123\\u01E5\\u0260\\uA7A1\\u1D79\\uA77F]","h":"[\\u0068\\u24D7\\uFF48\\u0125\\u1E23\\u1E27\\u021F\\u1E25\\u1E29\\u1E2B\\u1E96\\u0127\\u2C68\\u2C76\\u0265]","hv":"[\\u0195]","i":"[\\u0069\\u24D8\\uFF49\\u00EC\\u00ED\\u00EE\\u0129\\u012B\\u012D\\u00EF\\u1E2F\\u1EC9\\u01D0\\u0209\\u020B\\u1ECB\\u012F\\u1E2D\\u0268\\u0131]","j":"[\\u006A\\u24D9\\uFF4A\\u0135\\u01F0\\u0249]","k":"[\\u006B\\u24DA\\uFF4B\\u1E31\\u01E9\\u1E33\\u0137\\u1E35\\u0199\\u2C6A\\uA741\\uA743\\uA745\\uA7A3]","l":"[\\u006C\\u24DB\\uFF4C\\u0140\\u013A\\u013E\\u1E37\\u1E39\\u013C\\u1E3D\\u1E3B\\u017F\\u0142\\u019A\\u026B\\u2C61\\uA749\\uA781\\uA747]","lj":"[\\u01C9]","m":"[\\u006D\\u24DC\\uFF4D\\u1E3F\\u1E41\\u1E43\\u0271\\u026F]","n":"[\\u006E\\u24DD\\uFF4E\\u01F9\\u0144\\u00F1\\u1E45\\u0148\\u1E47\\u0146\\u1E4B\\u1E49\\u019E\\u0272\\u0149\\uA791\\uA7A5]","nj":"[\\u01CC]","o":"[\\u006F\\u24DE\\uFF4F\\u00F2\\u00F3\\u00F4\\u1ED3\\u1ED1\\u1ED7\\u1ED5\\u00F5\\u1E4D\\u022D\\u1E4F\\u014D\\u1E51\\u1E53\\u014F\\u022F\\u0231\\u00F6\\u022B\\u1ECF\\u0151\\u01D2\\u020D\\u020F\\u01A1\\u1EDD\\u1EDB\\u1EE1\\u1EDF\\u1EE3\\u1ECD\\u1ED9\\u01EB\\u01ED\\u00F8\\u01FF\\u0254\\uA74B\\uA74D\\u0275]","oi":"[\\u01A3]","ou":"[\\u0223]","oo":"[\\uA74F]","p":"[\\u0070\\u24DF\\uFF50\\u1E55\\u1E57\\u01A5\\u1D7D\\uA751\\uA753\\uA755]","q":"[\\u0071\\u24E0\\uFF51\\u024B\\uA757\\uA759]","r":"[\\u0072\\u24E1\\uFF52\\u0155\\u1E59\\u0159\\u0211\\u0213\\u1E5B\\u1E5D\\u0157\\u1E5F\\u024D\\u027D\\uA75B\\uA7A7\\uA783]","s":"[\\u0073\\u24E2\\uFF53\\u015B\\u1E65\\u015D\\u1E61\\u0161\\u1E67\\u1E63\\u1E69\\u0219\\u015F\\u023F\\uA7A9\\uA785\\u1E9B]","ss":"[\\u00DF]","t":"[\\u0074\\u24E3\\uFF54\\u1E6B\\u1E97\\u0165\\u1E6D\\u021B\\u0163\\u1E71\\u1E6F\\u0167\\u01AD\\u0288\\u2C66\\uA787]","tz":"[\\uA729]","u":"[\\u0075\\u24E4\\uFF55\\u00F9\\u00FA\\u00FB\\u0169\\u1E79\\u016B\\u1E7B\\u016D\\u00FC\\u01DC\\u01D8\\u01D6\\u01DA\\u1EE7\\u016F\\u0171\\u01D4\\u0215\\u0217\\u01B0\\u1EEB\\u1EE9\\u1EEF\\u1EED\\u1EF1\\u1EE5\\u1E73\\u0173\\u1E77\\u1E75\\u0289]","v":"[\\u0076\\u24E5\\uFF56\\u1E7D\\u1E7F\\u028B\\uA75F\\u028C]","vy":"[\\uA761]","w":"[\\u0077\\u24E6\\uFF57\\u1E81\\u1E83\\u0175\\u1E87\\u1E85\\u1E98\\u1E89\\u2C73]","x":"[\\u0078\\u24E7\\uFF58\\u1E8B\\u1E8D]","y":"[\\u0079\\u24E8\\uFF59\\u1EF3\\u00FD\\u0177\\u1EF9\\u0233\\u1E8F\\u00FF\\u1EF7\\u1E99\\u1EF5\\u01B4\\u024F\\u1EFF]","z":"[\\u007A\\u24E9\\uFF5A\\u017A\\u1E91\\u017C\\u017E\\u1E93\\u1E95\\u01B6\\u0225\\u0240\\u2C6C\\uA763]"},"researchesTests":["contentHasTOC","contentHasShortParagraphs","contentHasAssets","keywordInTitle","keywordInMetaDescription","keywordInPermalink","keywordIn10Percent","keywordInContent","keywordInSubheadings","keywordInImageAlt","keywordDensity","keywordNotUsed","lengthContent","lengthPermalink","linksHasInternal","linksHasExternals","linksNotAllExternals","titleStartWithKeyword","titleSentiment","titleHasPowerWords","titleHasNumber","hasContentAI"],"hasRedirection":false,"hasBreadcrumb":true},"homeUrl":"https:\/\/bero.pl\/pl\/","objectID":16456,"objectType":"post","locale":"pl","localeFull":"pl_PL","overlayImages":{"play":{"name":"Ikona PLAY","url":"https:\/\/bero.pl\/wp-content\/plugins\/seo-by-rank-math\/assets\/admin\/img\/icon-play.png","path":"\/var\/www\/bero.pl\/htdocs\/wp-content\/plugins\/seo-by-rank-math\/assets\/admin\/img\/icon-play.png","position":"middle_center"},"gif":{"name":"Ikona GIF","url":"https:\/\/bero.pl\/wp-content\/plugins\/seo-by-rank-math\/assets\/admin\/img\/icon-gif.png","path":"\/var\/www\/bero.pl\/htdocs\/wp-content\/plugins\/seo-by-rank-math\/assets\/admin\/img\/icon-gif.png","position":"middle_center"}},"defautOgImage":"https:\/\/bero.pl\/wp-content\/plugins\/seo-by-rank-math\/assets\/admin\/img\/social-placeholder.jpg","customPermalinks":true,"isUserRegistered":false,"autoSuggestKeywords":false,"connectSiteUrl":"https:\/\/rankmath.com\/auth?site=https%3A%2F%2Fbero.pl%2Fpl%2F&r=https%3A%2F%2Fbero.pl%2Fpl%2Fwp-json%2Fwp%2Fv2%2Fpages%2F16456%3Fnonce%3Df55c21788e","maxTags":5,"trendsIcon":"<svg viewBox=\"0 0 610 610\"><path d=\"M18.85,446,174.32,290.48l58.08,58.08L76.93,504a14.54,14.54,0,0,1-20.55,0L18.83,466.48a14.54,14.54,0,0,1,0-20.55Z\" style=\"fill:#4285f4\"\/><path d=\"M242.65,242.66,377.59,377.6l-47.75,47.75a14.54,14.54,0,0,1-20.55,0L174.37,290.43l47.75-47.75A14.52,14.52,0,0,1,242.65,242.66Z\" style=\"fill:#ea4335\"\/><polygon points=\"319.53 319.53 479.26 159.8 537.34 217.88 377.61 377.62 319.53 319.53\" style=\"fill:#fabb05\"\/><path d=\"M594.26,262.73V118.61h0a16.94,16.94,0,0,0-16.94-16.94H433.2a16.94,16.94,0,0,0-12,28.92L565.34,274.71h0a16.94,16.94,0,0,0,28.92-12Z\" style=\"fill:#34a853\"\/><rect width=\"610\" height=\"610\" style=\"fill:none\"\/><\/svg>","showScore":true,"siteFavIcon":"data:image\/png;base64,iVBORw0KGgoAAAANSUhEUgAAABAAAAAQCAYAAAAf8\/9hAAABs0lEQVR4AWL4\/\/8\/RRjO8Iucx+noO0MWUDo16FYABMGP6ZfUcRnWtm27jVPbtm3bttuH2t3eFPcY9pLz7NxiLjCyVd87pKnHyqXyxtCs8APd0rnyxiu4qSeA3QEDrAwBDrT1s1Rc\/OrjLZwqVmOSu6+Lamcpp2KKMA9PH1BYXMe1mUP5qotvXTywsOEEYHXxrY+3cqk6TMkYpNr2FeoY3KIr0RPtn9wQ2unlA+GMkRw6+9TFw4YTwDUzx\/JVvARj9KaedXRO8P5B1Du2S32smzqUrcKGEyA+uAgQjKX7zf0boWHGfn71jIKj2689gxp7OAGShNcBUmLMPVjZuiKcA2vuWHHDCQxMCz629kXAIU4ApY15QwggAFbfOP9DhgBJ+nWVJ1AZAfICAj1pAlY6hCADZnveQf7bQIwzVONGJonhLIlS9gr5mFg44Xd+4S3XHoGNPdJl1INIwKyEgHckEhgTe1bGiFY9GSFBYUwLh1IkiJUbY407E7syBSFxKTszEoiE\/YdrgCEayDmtaJwCI9uu8TKMuZSVfSa4BpGgzvomBR\/INhLGzrqDotp01ZR8pn\/1L0JN9d9XNyx0AAAAAElFTkSuQmCC","canUser":{"general":false,"advanced":false,"snippet":false,"social":false,"analysis":false,"analytics":false,"content_ai":false},"showKeywordIntent":true,"isPro":false,"is_front_page":false,"trendsUpgradeLink":"https:\/\/rankmath.com\/pricing\/?utm_source=Plugin&utm_medium=CE%20General%20Tab%20Trends&utm_campaign=WP","trendsUpgradeLabel":"Ulepszenie","trendsPreviewImage":"https:\/\/bero.pl\/wp-content\/plugins\/seo-by-rank-math\/assets\/admin\/img\/trends-preview.jpg","currentEditor":false,"homepageData":{"assessor":{"powerWords":[],"diacritics":true,"researchesTests":["contentHasTOC","contentHasShortParagraphs","contentHasAssets","keywordInTitle","keywordInMetaDescription","keywordInPermalink","keywordIn10Percent","keywordInContent","keywordInSubheadings","keywordInImageAlt","keywordDensity","keywordNotUsed","lengthContent","lengthPermalink","linksHasInternal","linksHasExternals","linksNotAllExternals","titleStartWithKeyword","titleSentiment","titleHasPowerWords","titleHasNumber","hasContentAI"],"hasBreadcrumb":true,"serpData":{"title":"%sitename% %page% %sep% %sitedesc%","description":"","titleTemplate":"%sitename% %page% %sep% %sitedesc%","descriptionTemplate":"","focusKeywords":"","breadcrumbTitle":"Home","robots":{"index":true},"advancedRobots":[],"facebookTitle":"","facebookDescription":"","facebookImage":"","facebookImageID":""}}},"tocTitle":"Table of Contents","tocExcludeHeadings":[],"listStyle":"ul"},"_links":{"self":[{"href":"https:\/\/bero.pl\/pl\/wp-json\/wp\/v2\/pages\/16456"}],"collection":[{"href":"https:\/\/bero.pl\/pl\/wp-json\/wp\/v2\/pages"}],"about":[{"href":"https:\/\/bero.pl\/pl\/wp-json\/wp\/v2\/types\/page"}],"author":[{"embeddable":true,"href":"https:\/\/bero.pl\/pl\/wp-json\/wp\/v2\/users\/7"}],"replies":[{"embeddable":true,"href":"https:\/\/bero.pl\/pl\/wp-json\/wp\/v2\/comments?post=16456"}],"version-history":[{"count":7,"href":"https:\/\/bero.pl\/pl\/wp-json\/wp\/v2\/pages\/16456\/revisions"}],"predecessor-version":[{"id":17201,"href":"https:\/\/bero.pl\/pl\/wp-json\/wp\/v2\/pages\/16456\/revisions\/17201"}],"wp:attachment":[{"href":"https:\/\/bero.pl\/pl\/wp-json\/wp\/v2\/media?parent=16456"}],"curies":[{"name":"wp","href":"https:\/\/api.w.org\/{rel}","templated":true}]}}